{"id":173,"date":"2021-12-01T16:06:16","date_gmt":"2021-12-01T16:06:16","guid":{"rendered":"http:\/\/scenedans.dk\/?page_id=173"},"modified":"2025-02-24T17:49:24","modified_gmt":"2025-02-24T17:49:24","slug":"om","status":"publish","type":"page","link":"http:\/\/scenedans.dk\/index.php\/om\/","title":{"rendered":"Om"},"content":{"rendered":"\n<h3 class=\"wp-block-heading\"><strong>Om Brancher\u00e5det for Scenedans<\/strong><\/h3>\n\n\n\n<p>Brancher\u00e5det for Scenedans i Danmark er et samlende fagligt f\u00e6llesskab af og med professionelle akt\u00f8rer inden for scenedans i Danmark. Brancher\u00e5det er h\u00f8ringspart inden for emner der vedr\u00f8rer dans og har udpegningsret til bl.a. Statens Kunstfonds Repr\u00e6sentantskab. Vi har i Brancher\u00e5det indstillet koreograf og kunstnerisk leder hos \u00c5ben Dans Thomas Eisenhardt til at sidde i Repr\u00e6sentantskabet i perioden 2025 &#8211; 28. <br><a href=\"https:\/\/www.kunst.dk\/her-er-statens-kunstfonds-nye-repraesentantskab\" target=\"_blank\" rel=\"noreferrer noopener\">L\u00e6s mere om Repr\u00e6sentantskabet her.<\/a><\/p>\n\n\n\n<h4 class=\"wp-block-heading\">Brancher\u00e5dets historie<\/h4>\n\n\n\n<p>Brancher\u00e5det kom ud af F\u00e6llesr\u00e5det for Moderne Dans, der blev stiftet i 2002 og bestod af institutioner, scener og organisationer i det moderne dansemilj\u00f8 i Danmark. F\u00e6llesr\u00e5dets opgave var at sikre et h\u00f8jt informationsniveau og styrke infrastrukturen inden for den moderne dans. R\u00e5det kunne agere politisk, s\u00e5fremt der kunne opn\u00e5s konsensus om en sag. R\u00e5det havde ingen bestyrelse eller administration. <br>F\u00e6llesr\u00e5det bestod af: 3DK (De Danske Dansekompagnier: bl.a. Next Zone, Aaben Dans), De Frie Koreografer, Danseudvalget i Dansk Skuespillerforbund, Foreningen Dans i Uddannelsen, Dansev\u00e6rket, GRAN &#8211; teater for dans, Dansescenen, Skolen for Moderne Dans, Afdeling for Dans og Teatervidenskab &#8211; K\u00f8benhavns Universitet samt Dansens Hus.<\/p>\n\n\n\n<p><\/p>\n\n\n\n<p>I slutningen af 00&#8217;erne melder nogle af institutionerne sig ud af F\u00e6lledsr\u00e5det, og en samling af enkeltpersoner beslutter efterf\u00f8lgende at videref\u00f8re ideen med det samlende for hele dansemilj\u00f8et &#8211; og f\u00e5r stiftet Brancher\u00e5det for Scenedans. Brancher\u00e5det f\u00e5r ogs\u00e5 lov til at fastholde den udpegnings- og h\u00f8ringsret, som F\u00e6llesr\u00e5det tidligere havde. <\/p>\n\n\n\n<p>Brancher\u00e5det havde sit stiftende m\u00f8de 9. november 2010 samt stiftende ekstraordin\u00e6r generalforsamling 19. februar 2011 med valg af f\u00f8lgende f\u00f8rste bestyrelse: Paw Petersen (forperson), Annika B. Lewis (n\u00e6stforperson), David C. Price (kasserer), Charlotte Mors, Emma-Cecilia Ajanki, Lisbeth Klixb\u00fcll og Lene Bang Henningsen.<\/p>\n\n\n\n<h4 class=\"wp-block-heading\">Brancher\u00e5dets vision og 3-punktsplan<\/h4>\n\n\n\n<p>I l\u00f8bet af 2021 har Brancher\u00e5det arbejdet med en vision og en 3-punktsplan, som v\u00e6rende udtryk for det, r\u00e5det arbejder med i \u00f8jeblikket. Disse ting kan og skal altid v\u00e6re til diskussion og \u00e6ndres over tid. De n\u00e6ste \u00e5r vil vi gerne arbejde med f\u00f8lgende: <\/p>\n\n\n\n<p><\/p>\n\n\n\n<p><strong>Brancher\u00e5dets vision (2021)<\/strong><br>Brancher\u00e5det for Scenedans repr\u00e6senterer og er taler\u00f8r for hele spektret af det koreografiske felt, dets ud\u00f8vende og skabende kunstnere samt \u00f8vrige akt\u00f8rer.&nbsp;<\/p>\n\n\n\n<p>Vi arbejder for at synligg\u00f8re dansen i det kulturpolitiske landskab, at \u00f8ge forst\u00e5elsen for dansens egenart og betydning samt at skabe st\u00f8rre synlighed og bedre vilk\u00e5r&nbsp;for&nbsp;den koreografiske&nbsp;scenekunst.&nbsp;Brancher\u00e5det er scenedansens kontinuerlige politiske stemme og dialogiske samarbejdspartner.&nbsp;<\/p>\n\n\n\n<p><strong>Brancher\u00e5dets 3-punktsplan (2021)<\/strong><br>Brancher\u00e5det har i 2021 v\u00e6re gennem en revitaliseringsproces, og i den forbindelse blev det besluttet at formulere vision samt at lave en 3-punktsplan, hvor vi pr\u00e6ciserede, hvad vi i \u00f8jeblikket har fokus p\u00e5 og vil arbejde for. Denne plan kan l\u00f8bende \u00e6ndre sig.<\/p>\n\n\n\n<ul class=\"wp-block-list\">\n<li>Sikre en vedvarende og m\u00e5lrettet udvikling af statslige og lokalpolitiske st\u00f8ttestrukturer.&nbsp;<\/li>\n\n\n\n<li>Arbejde for en st\u00f8rre pr\u00e6sentation af dans og flere co-produktionsmuligheder nationalt.<\/li>\n\n\n\n<li>Styrke relationen til andre brancheorganisationer&nbsp;<\/li>\n<\/ul>\n\n\n\n<h4 class=\"wp-block-heading\">Bestyrelse<\/h4>\n\n\n\n<p>Brancher\u00e5dets bestyrelse best\u00e5r af 6-8 medlemmer samt op til 2 suppleanter. <br><a href=\"http:\/\/scenedans.dk\/index.php\/bestyrelse\/\">L\u00e6s mere her om de forskellige medlemmer af bestyrelsen. <\/a><\/p>\n\n\n\n<h4 class=\"wp-block-heading\">Vedt\u00e6gter<\/h4>\n\n\n\n<p><a href=\"http:\/\/scenedans.dk\/wp-content\/uploads\/2021\/10\/Vedtaegter-Brancheraadet-for-Scenedans-15sep21-4.pdf\" target=\"_blank\" rel=\"noreferrer noopener\">Her er Brancher\u00e5dets g\u00e6ldende vedt\u00e6gter fra 15. september 2020.<\/a><\/p>\n\n\n\n<p>De kan downloades her som pdf<\/p>\n\n\n\n<div data-wp-interactive=\"core\/file\" class=\"wp-block-file\"><object data-wp-bind--hidden=\"!state.hasPdfPreview\" hidden class=\"wp-block-file__embed\" data=\"http:\/\/scenedans.dk\/wp-content\/uploads\/2021\/10\/Vedtaegter-Brancheraadet-for-Scenedans-15sep21-1.pdf\" type=\"application\/pdf\" style=\"width:100%;height:200px\" aria-label=\"Embed Vedtaegter-Brancheraadet-for-Scenedans-15sep21-1.\"><\/object><a id=\"wp-block-file--media-e4d0526b-c059-47c8-8c97-3f64dfcd63a0\" href=\"http:\/\/scenedans.dk\/wp-content\/uploads\/2021\/10\/Vedtaegter-Brancheraadet-for-Scenedans-15sep21-1.pdf\" target=\"_blank\" rel=\"noreferrer noopener\">Vedtaegter-Brancheraadet-for-Scenedans-15sep21-1<\/a><a href=\"http:\/\/scenedans.dk\/wp-content\/uploads\/2021\/10\/Vedtaegter-Brancheraadet-for-Scenedans-15sep21-1.pdf\" class=\"wp-block-file__button wp-element-button\" download aria-describedby=\"wp-block-file--media-e4d0526b-c059-47c8-8c97-3f64dfcd63a0\">Download<\/a><\/div>\n","protected":false},"excerpt":{"rendered":"<p>Om Brancher\u00e5det for Scenedans Brancher\u00e5det for Scenedans i Danmark er et samlende fagligt f\u00e6llesskab af og med professionelle akt\u00f8rer inden [&hellip;]<\/p>\n","protected":false},"author":1,"featured_media":0,"parent":0,"menu_order":0,"comment_status":"closed","ping_status":"closed","template":"","meta":{"site-sidebar-layout":"default","site-content-layout":"","ast-site-content-layout":"","site-content-style":"default","site-sidebar-style":"default","ast-global-header-display":"","ast-banner-title-visibility":"","ast-main-header-display":"","ast-hfb-above-header-display":"","ast-hfb-below-header-display":"","ast-hfb-mobile-header-display":"","site-post-title":"","ast-breadcrumbs-content":"","ast-featured-img":"","footer-sml-layout":"","theme-transparent-header-meta":"","adv-header-id-meta":"","stick-header-meta":"","header-above-stick-meta":"","header-main-stick-meta":"","header-below-stick-meta":"","astra-migrate-meta-layouts":"default","ast-page-background-enabled":"default","ast-page-background-meta":{"desktop":{"background-color":"var(--ast-global-color-5)","background-image":"","background-repeat":"repeat","background-position":"center center","background-size":"auto","background-attachment":"scroll","background-type":"","background-media":"","overlay-type":"","overlay-color":"","overlay-opacity":"","overlay-gradient":""},"tablet":{"background-color":"","background-image":"","background-repeat":"repeat","background-position":"center center","background-size":"auto","background-attachment":"scroll","background-type":"","background-media":"","overlay-type":"","overlay-color":"","overlay-opacity":"","overlay-gradient":""},"mobile":{"background-color":"","background-image":"","background-repeat":"repeat","background-position":"center center","background-size":"auto","background-attachment":"scroll","background-type":"","background-media":"","overlay-type":"","overlay-color":"","overlay-opacity":"","overlay-gradient":""}},"ast-content-background-meta":{"desktop":{"background-color":"var(--ast-global-color-4)","background-image":"","background-repeat":"repeat","background-position":"center center","background-size":"auto","background-attachment":"scroll","background-type":"","background-media":"","overlay-type":"","overlay-color":"","overlay-opacity":"","overlay-gradient":""},"tablet":{"background-color":"var(--ast-global-color-4)","background-image":"","background-repeat":"repeat","background-position":"center center","background-size":"auto","background-attachment":"scroll","background-type":"","background-media":"","overlay-type":"","overlay-color":"","overlay-opacity":"","overlay-gradient":""},"mobile":{"background-color":"var(--ast-global-color-4)","background-image":"","background-repeat":"repeat","background-position":"center center","background-size":"auto","background-attachment":"scroll","background-type":"","background-media":"","overlay-type":"","overlay-color":"","overlay-opacity":"","overlay-gradient":""}},"footnotes":""},"class_list":["post-173","page","type-page","status-publish","hentry"],"_links":{"self":[{"href":"http:\/\/scenedans.dk\/index.php\/wp-json\/wp\/v2\/pages\/173","targetHints":{"allow":["GET"]}}],"collection":[{"href":"http:\/\/scenedans.dk\/index.php\/wp-json\/wp\/v2\/pages"}],"about":[{"href":"http:\/\/scenedans.dk\/index.php\/wp-json\/wp\/v2\/types\/page"}],"author":[{"embeddable":true,"href":"http:\/\/scenedans.dk\/index.php\/wp-json\/wp\/v2\/users\/1"}],"replies":[{"embeddable":true,"href":"http:\/\/scenedans.dk\/index.php\/wp-json\/wp\/v2\/comments?post=173"}],"version-history":[{"count":25,"href":"http:\/\/scenedans.dk\/index.php\/wp-json\/wp\/v2\/pages\/173\/revisions"}],"predecessor-version":[{"id":743,"href":"http:\/\/scenedans.dk\/index.php\/wp-json\/wp\/v2\/pages\/173\/revisions\/743"}],"wp:attachment":[{"href":"http:\/\/scenedans.dk\/index.php\/wp-json\/wp\/v2\/media?parent=173"}],"curies":[{"name":"wp","href":"https:\/\/api.w.org\/{rel}","templated":true}]}}