{"id":478,"date":"2023-02-23T12:33:27","date_gmt":"2023-02-23T12:33:27","guid":{"rendered":"http:\/\/scenedans.dk\/?page_id=478"},"modified":"2024-03-08T08:38:43","modified_gmt":"2024-03-08T08:38:43","slug":"generalforsamling-30-marts-2023","status":"publish","type":"page","link":"http:\/\/scenedans.dk\/index.php\/arrangementer\/generalforsamling-30-marts-2023\/","title":{"rendered":"Generalforsamling 30. marts 2023"},"content":{"rendered":"\n<p>Brancher\u00e5det for Scenedans afholdt ordin\u00e6r generalforsamling <strong>torsdag den 30. marts 2023 kl. 17.30 &#8211; 20.00 p\u00e5 Fors\u00f8gsstationen, S\u00f8nder Boulevard 81, K\u00f8benhavn V samt p\u00e5 zoom<\/strong>.<\/p>\n\n\n\n<p><strong><em>Referatet er ved at blive skrevet &#8211; og vil blive lagt ud her s\u00e5 snart som muligt.<\/em><\/strong><\/p>\n\n\n\n<p><strong>DAGSORDEN<\/strong> (if\u00f8lge vedt\u00e6gterne):<\/p>\n\n\n\n<ol class=\"wp-block-list\">\n<li>Valg af dirigent<\/li>\n\n\n\n<li>Valg af referent<\/li>\n\n\n\n<li>Forpersonens beretning<\/li>\n\n\n\n<li>Godkendelse af regnskab<\/li>\n\n\n\n<li>Indkomne forslag<br>a. Kontingent<br>b. Diskussion af nyt F\u00e6llesr\u00e5d for dans og koreografi<br><\/li>\n\n\n\n<li>Valg til bestyrelsen<\/li>\n\n\n\n<li>Valg af intern revisor<\/li>\n\n\n\n<li>Evt. valg\/neds\u00e6ttelse af udvalg<\/li>\n\n\n\n<li>Evt.<\/li>\n<\/ol>\n\n\n\n<p><strong>Punkt 5a: Kontingent<\/strong><br>Bestyrelsen foresl\u00e5r fastholdelse af medlemskontingent for enkeltpersoner p\u00e5 100 kr.<br>Bestyrelsen foresl\u00e5r fastholdelse af st\u00f8ttemedlemsskab for organisationer\/foreninger og andre p\u00e5 200 kr.<\/p>\n\n\n\n<p><strong>Punkt 5b: Diskussion af et nyt F\u00e6llesr\u00e5d for dans og koreografi<\/strong><br>P\u00e5 m\u00f8det, Rum til dans, 21. september 2022, stod det klart at det b\u00e5de p\u00e5&nbsp;det nationale og overordnede niveau&nbsp;er yderst vigtigt, at danseomr\u00e5det forst\u00e5r at samle sig og kortl\u00e6gge og definere en f\u00e6lles sag.&nbsp;&nbsp;Dansehallerne\/Danjel Andersson tilb\u00f8d at tage teten henimod en st\u00e6rk f\u00e6lles organisation p\u00e5 tv\u00e6rs af organisationer og institutioner.&nbsp;P\u00e5 GF freml\u00e6gges et forslag til et nyt F\u00e6llesr\u00e5d for dans og koreografi.<br>L\u00e6s referatet fra m\u00f8det her: <a href=\"http:\/\/scenedans.dk\/index.php\/arrangementer\/salon-rum-til-dans-i-koebenhavn\/\">http:\/\/scenedans.dk\/index.php\/arrangementer\/salon-rum-til-dans-i-koebenhavn\/<\/a><\/p>\n\n\n\n<p><strong>Punkt 6:<\/strong> <strong>Valg til bestyrelse.&nbsp;<\/strong><br><strong><em>Kun betalende medlemmer kan stille op til bestyrelsen.<\/em><\/strong><\/p>\n\n\n\n<p>F\u00f8lgende er p\u00e5 genvalg: Ljuba Castot, Helle Bach, Mette Overgaard, Lone Nyhuus og Jens Christian Jensen<br>F\u00f8lgende er ikke p\u00e5 valg: Jannik Elk\u00e6r og Josefine Ibsen.<br>Jannik Elk\u00e6r \u00f8nsker at tr\u00e6kke sig fra bestyrelsen ved denne generalforsamling. Jens Christian Jensen \u00f8nsker ikke at genopstille<\/p>\n\n\n\n<p>F\u00f8lgende suppleanter er p\u00e5 genvalg: Camilla Stage og Janne Weidinger Kristensen<\/p>\n\n\n\n<p>Jfr. vedt\u00e6gterne skal vi v\u00e6re 6-8 medlemmer samt op til 2 suppleanter, s\u00e5 der kan v\u00e6lges max et nyt medlem og 2 suppleanter.<\/p>\n\n\n\n<p>L\u00e6s i \u00f8vrigt vedt\u00e6gter og andet p\u00e5 vores hjemmeside www.scenedans.dk<\/p>\n\n\n\n<p>Vi gl\u00e6der os til at se dig &#8211; fysisk p\u00e5 Fors\u00f8gsstationen eller p\u00e5 zoom!<\/p>\n\n\n\n<p>Med venlig hilsen alle os i bestyrelsen.<\/p>\n\n\n\n<p>Forperson: Helle Bach | kasserer: Jens Christian Jensen&nbsp;<\/p>\n\n\n\n<p>Bestyrelsesmedlemmer: Jannik Elk\u00e6r, Mette Overgaard, Ljuba Castot, Josefine Ibsen, Lone Nyhuus, Camilla Stage og Janne Weidinger Kristensen (sidste to valgt ind som suppleanter ved sidste generalforsamling 10. maj 2022)<\/p>\n\n\n\n<div data-wp-interactive=\"core\/file\" class=\"wp-block-file\"><object data-wp-bind--hidden=\"!state.hasPdfPreview\" hidden class=\"wp-block-file__embed\" data=\"http:\/\/scenedans.dk\/wp-content\/uploads\/2023\/04\/Brancheraadet-Aarsrapport-23.pdf\" type=\"application\/pdf\" style=\"width:100%;height:600px\" aria-label=\"Embed Brancheraadet-Aarsrapport-23.\"><\/object><a id=\"wp-block-file--media-5cf674a6-34d5-445a-b060-82869aa89d74\" href=\"http:\/\/scenedans.dk\/wp-content\/uploads\/2023\/04\/Brancheraadet-Aarsrapport-23.pdf\">Brancheraadet-Aarsrapport-23<\/a><a href=\"http:\/\/scenedans.dk\/wp-content\/uploads\/2023\/04\/Brancheraadet-Aarsrapport-23.pdf\" class=\"wp-block-file__button wp-element-button\" download aria-describedby=\"wp-block-file--media-5cf674a6-34d5-445a-b060-82869aa89d74\">Download<\/a><\/div>\n\n\n\n<div data-wp-interactive=\"core\/file\" class=\"wp-block-file\"><object data-wp-bind--hidden=\"!state.hasPdfPreview\" hidden class=\"wp-block-file__embed\" data=\"http:\/\/scenedans.dk\/wp-content\/uploads\/2023\/03\/Regnskab-BR-2022.pdf\" type=\"application\/pdf\" style=\"width:100%;height:600px\" aria-label=\"Embed Regnskab-BR-2022.\"><\/object><a id=\"wp-block-file--media-7e056919-2aae-4e76-8732-633a97d4bd8f\" href=\"http:\/\/scenedans.dk\/wp-content\/uploads\/2023\/03\/Regnskab-BR-2022.pdf\">Regnskab-BR-2022<\/a><a href=\"http:\/\/scenedans.dk\/wp-content\/uploads\/2023\/03\/Regnskab-BR-2022.pdf\" class=\"wp-block-file__button wp-element-button\" download aria-describedby=\"wp-block-file--media-7e056919-2aae-4e76-8732-633a97d4bd8f\">Download<\/a><\/div>\n","protected":false},"excerpt":{"rendered":"<p>Brancher\u00e5det for Scenedans afholdt ordin\u00e6r generalforsamling torsdag den 30. marts 2023 kl. 17.30 &#8211; 20.00 p\u00e5 Fors\u00f8gsstationen, S\u00f8nder Boulevard 81, [&hellip;]<\/p>\n","protected":false},"author":1,"featured_media":0,"parent":209,"menu_order":1,"comment_status":"closed","ping_status":"closed","template":"","meta":{"site-sidebar-layout":"default","site-content-layout":"","ast-site-content-layout":"","site-content-style":"default","site-sidebar-style":"default","ast-global-header-display":"","ast-banner-title-visibility":"","ast-main-header-display":"","ast-hfb-above-header-display":"","ast-hfb-below-header-display":"","ast-hfb-mobile-header-display":"","site-post-title":"","ast-breadcrumbs-content":"","ast-featured-img":"","footer-sml-layout":"","theme-transparent-header-meta":"","adv-header-id-meta":"","stick-header-meta":"","header-above-stick-meta":"","header-main-stick-meta":"","header-below-stick-meta":"","astra-migrate-meta-layouts":"default","ast-page-background-enabled":"default","ast-page-background-meta":{"desktop":{"background-color":"var(--ast-global-color-5)","background-image":"","background-repeat":"repeat","background-position":"center center","background-size":"auto","background-attachment":"scroll","background-type":"","background-media":"","overlay-type":"","overlay-color":"","overlay-opacity":"","overlay-gradient":""},"tablet":{"background-color":"","background-image":"","background-repeat":"repeat","background-position":"center center","background-size":"auto","background-attachment":"scroll","background-type":"","background-media":"","overlay-type":"","overlay-color":"","overlay-opacity":"","overlay-gradient":""},"mobile":{"background-color":"","background-image":"","background-repeat":"repeat","background-position":"center center","background-size":"auto","background-attachment":"scroll","background-type":"","background-media":"","overlay-type":"","overlay-color":"","overlay-opacity":"","overlay-gradient":""}},"ast-content-background-meta":{"desktop":{"background-color":"var(--ast-global-color-4)","background-image":"","background-repeat":"repeat","background-position":"center center","background-size":"auto","background-attachment":"scroll","background-type":"","background-media":"","overlay-type":"","overlay-color":"","overlay-opacity":"","overlay-gradient":""},"tablet":{"background-color":"var(--ast-global-color-4)","background-image":"","background-repeat":"repeat","background-position":"center center","background-size":"auto","background-attachment":"scroll","background-type":"","background-media":"","overlay-type":"","overlay-color":"","overlay-opacity":"","overlay-gradient":""},"mobile":{"background-color":"var(--ast-global-color-4)","background-image":"","background-repeat":"repeat","background-position":"center center","background-size":"auto","background-attachment":"scroll","background-type":"","background-media":"","overlay-type":"","overlay-color":"","overlay-opacity":"","overlay-gradient":""}},"footnotes":""},"class_list":["post-478","page","type-page","status-publish","hentry"],"_links":{"self":[{"href":"http:\/\/scenedans.dk\/index.php\/wp-json\/wp\/v2\/pages\/478","targetHints":{"allow":["GET"]}}],"collection":[{"href":"http:\/\/scenedans.dk\/index.php\/wp-json\/wp\/v2\/pages"}],"about":[{"href":"http:\/\/scenedans.dk\/index.php\/wp-json\/wp\/v2\/types\/page"}],"author":[{"embeddable":true,"href":"http:\/\/scenedans.dk\/index.php\/wp-json\/wp\/v2\/users\/1"}],"replies":[{"embeddable":true,"href":"http:\/\/scenedans.dk\/index.php\/wp-json\/wp\/v2\/comments?post=478"}],"version-history":[{"count":10,"href":"http:\/\/scenedans.dk\/index.php\/wp-json\/wp\/v2\/pages\/478\/revisions"}],"predecessor-version":[{"id":511,"href":"http:\/\/scenedans.dk\/index.php\/wp-json\/wp\/v2\/pages\/478\/revisions\/511"}],"up":[{"embeddable":true,"href":"http:\/\/scenedans.dk\/index.php\/wp-json\/wp\/v2\/pages\/209"}],"wp:attachment":[{"href":"http:\/\/scenedans.dk\/index.php\/wp-json\/wp\/v2\/media?parent=478"}],"curies":[{"name":"wp","href":"https:\/\/api.w.org\/{rel}","templated":true}]}}