{"id":71,"date":"2021-10-24T11:53:03","date_gmt":"2021-10-24T11:53:03","guid":{"rendered":"http:\/\/scenedans.dk\/?page_id=71"},"modified":"2026-04-24T08:32:13","modified_gmt":"2026-04-24T08:32:13","slug":"nyheder","status":"publish","type":"page","link":"http:\/\/scenedans.dk\/index.php\/nyheder\/","title":{"rendered":"Nyheder"},"content":{"rendered":"\n<div class=\"wp-block-buttons is-layout-flex wp-block-buttons-is-layout-flex\">\n<div class=\"wp-block-button\"><a class=\"wp-block-button__link wp-element-button\" href=\"http:\/\/eepurl.com\/hLBu85\"><strong>Klik her for at tilmelde dig vores nyhedsbrev<\/strong><\/a><\/div>\n<\/div>\n\n\n\n<h6 class=\"wp-block-heading\"><\/h6>\n\n\n\n<hr class=\"wp-block-separator has-alpha-channel-opacity is-style-wide\"\/>\n\n\n\n<p><strong>Nyhedsbrev 24. april 2026<\/strong><br>Velkommen til Brancher\u00e5dets nyhedsbrev i april 2026. Her skriver vi om den kommende generalforsamling 18. maj 2026 samt om mulighed for at deltage i kunstnerisk aktion 1. maj.<br><a href=\"https:\/\/mailchi.mp\/40d2592ec4d4\/nyhedsbrev-24-oktober-10147284\">https:\/\/mailchi.mp\/40d2592ec4d4\/nyhedsbrev-24-oktober-10147284<\/a><\/p>\n\n\n\n<hr class=\"wp-block-separator has-alpha-channel-opacity is-style-wide\"\/>\n\n\n\n<p><strong>Nyhedsbrev 8. januar 2026.<\/strong><br>Godt nyt\u00e5r.<br>S\u00e5 har vi \u00e5rets f\u00f8rste nyhedsbrev med dato for vores \u00e5rlige nyt\u00e5rskur. Denne gang afholder vi det sammen med K\u00f8benhavn Danser i deres nye ny\u00e5bne lokaler p\u00e5 Nyg\u00e5rdsvej 2A p\u00e5 \u00d8sterbro i K\u00f8ebhavn onsdag den 28. januar 2026 kl. 15.00.<br><a href=\"https:\/\/mailchi.mp\/7e3d96f3a9aa\/nyhedsbrev-24-oktober-10145859\" target=\"_blank\" rel=\"noreferrer noopener\">https:\/\/mailchi.mp\/7e3d96f3a9aa\/nyhedsbrev-24-oktober-10145859<\/a><\/p>\n\n\n\n<hr class=\"wp-block-separator has-alpha-channel-opacity is-style-wide\"\/>\n\n\n\n<figure class=\"wp-block-image size-large\"><img loading=\"lazy\" decoding=\"async\" width=\"1024\" height=\"576\" src=\"http:\/\/scenedans.dk\/wp-content\/uploads\/2025\/04\/Dansekapellet-1024x576.png\" alt=\"\" class=\"wp-image-842\" srcset=\"http:\/\/scenedans.dk\/wp-content\/uploads\/2025\/04\/Dansekapellet-1024x576.png 1024w, http:\/\/scenedans.dk\/wp-content\/uploads\/2025\/04\/Dansekapellet-300x169.png 300w, http:\/\/scenedans.dk\/wp-content\/uploads\/2025\/04\/Dansekapellet-768x432.png 768w, http:\/\/scenedans.dk\/wp-content\/uploads\/2025\/04\/Dansekapellet.png 1280w\" sizes=\"auto, (max-width: 1024px) 100vw, 1024px\" \/><figcaption class=\"wp-element-caption\">Foto: Dansekapellet \/ K\u00f8benhavns Kommune<\/figcaption><\/figure>\n\n\n\n<h4 class=\"wp-block-heading\">Forpagtning af Dansekapellet<\/h4>\n\n\n\n<p><strong><em>14. juni 2025<\/em><\/strong><br>K\u00f8benhavns Kommunes Kultur- og Fritidsudvalg traf den 10. juni 2025 beslutning om, at Dansekapellet skal sendes i udbud til en kommerciel akt\u00f8r med ikrafttr\u00e6delse fra start 2026.<\/p>\n\n\n\n<p>Der skal opn\u00e5s effektivisering for 0,5 mio. kr. ved \u00f8get udlejning, hvor en forpagter har bedre muligheder end i kommunal drift. Derudover stilles f\u00f8lgende overordnede krav til den kommende forpagter:<\/p>\n\n\n\n<ol class=\"wp-block-list\">\n<li><em>Fastholdelse af det nuv\u00e6rende aktivitets- og serviceniveau for foreninger for dans og bev\u00e6gelse, herunder tidspunkter.<\/em><\/li>\n\n\n\n<li><em>Mindst to uger med Feriecamps for b\u00f8rn.&nbsp;<\/em><\/li>\n\n\n\n<li><em>Mindst 90 dage \u00e5rligt med arrangementer med deltagelse af enten publikum eller aktiv deltagelse.<\/em><\/li>\n\n\n\n<li><em>Mindst 50 \u00e5rlige forestillingsdage i Dansekapellets teatersal (udover punkt 3).<\/em><\/li>\n\n\n\n<li><em>Erfaring med drift af kulturinstitution.<\/em><\/li>\n<\/ol>\n\n\n\n<p><a href=\"http:\/\/scenedans.dk\/index.php\/nyheder\/situationen-omkring-dansekapellet-2025\/\">L\u00e6s mere om det her, hvor der ogs\u00e5 er link til kommunale dokumenter<\/a><\/p>\n\n\n\n<hr class=\"wp-block-separator has-alpha-channel-opacity is-style-wide\"\/>\n\n\n\n<p><strong>Nyhedsbrev 6. maj 2025<\/strong><br>S\u00e5 har vi igen sendt nyhedsbrev ud fra Brancher\u00e5det for Scenedans med opdaterede oplysninger omkring Dansekapellet og K\u00f8benhavns Kommune, hvor vi opfordrer til at indsende h\u00f8ringssvar senest 16. maj.<br>Derudover har vi ved vores generalforsamling den 1. maj valgt et nyt medlem ind i bestyrelsen, s\u00e5 vi er i alt 9. <br>Endelig vil vi i vores nyhedsbreve l\u00f8bende pr\u00e6sentere de enkelte bestyrelsesmedlemmer &#8211; nu er det Tanya Rydell Montan.<br><a href=\"https:\/\/mailchi.mp\/2020ec3e528e\/nyhedsbrev-24-oktober-10142427\">https:\/\/mailchi.mp\/2020ec3e528e\/nyhedsbrev-24-oktober-10142427<\/a><\/p>\n\n\n\n<hr class=\"wp-block-separator has-alpha-channel-opacity is-style-wide\"\/>\n\n\n\n<h4 class=\"wp-block-heading\"><strong>Situationen omkring Dansekapellet og K\u00f8benhavns Kommune, for\u00e5r 2025<\/strong><\/h4>\n\n\n\n<p><strong><em>24. april 2025<\/em><\/strong><br>Dansekapellet st\u00e5r ved en skillevej. Der er nu kommet en officiel udmelding fra K\u00f8benhavns Kommune om Dansekapellets fremtid, hvorudfra de skal tr\u00e6ffe endelig beslutning. Se opslag fra kommunen<em>: <\/em><a href=\"https:\/\/www.kk.dk\/dagsordener-og-referater\/Kultur-%20og%20Fritidsudvalget\/m%C3%B8de-13032025\/referat\/punkt-6\">F\u00f8rstebehandling af budgetbidrag 2026 og godkendelse af investeringsforslag | K\u00f8benhavns Kommune<\/a><\/p>\n\n\n\n<p>Dansekapellet har i mange \u00e5r v\u00e6ret et vigtigt knudepunkt for dansen i K\u00f8benhavn \u2013 et sted med plads til mangfoldighed, kunstnerisk udvikling, f\u00e6llesskab og \u00e5ben adgang til scene og pr\u00f8vesale. Derfor er det afg\u00f8rende, at kommunen h\u00f8rer fra os, der bruger, skaber og lever med dansen \u2013 om hvorfor Dansekapellet er vigtigt, og hvad der er brug for i fremtiden.<\/p>\n\n\n\n<p>K\u00f8benhavns Kommune beder alle indsende h\u00f8ringssvar omkring forslag om fremtiden for biblioteker og kulturhuse (senest 15. maj 2025), men der har allerede nu v\u00e6ret avisskriverier om 4 steder, som kommunen har besluttet ikke at lukke. <\/p>\n\n\n\n<p>Derudover har Bispebjerg Lokaludvalg indkaldt til m\u00f8de den 2. juni 2025, hvor de vil involvere brugerne af Dansekapellet for at forst\u00e5, hvad det vil betyde for foreningerne at privatisere dele af Dansekapellet.<\/p>\n\n\n\n<p>Vi opfordrer alle i milj\u00f8et til at involvere sig og skrive h\u00f8ringssvar. Det kan v\u00e6re kort eller langt \u2013 alt t\u00e6ller. For at g\u00f8re det nemmere har vi formuleret 4 sp\u00f8rgsm\u00e5l, som du kan tage udgangspunkt i, n\u00e5r du skriver!<br><a href=\"http:\/\/scenedans.dk\/index.php\/nyheder\/situationen-omkring-dansekapellet-2025\/\">L\u00e6s mere om det her<\/a><\/p>\n\n\n\n<hr class=\"wp-block-separator has-alpha-channel-opacity is-style-wide\"\/>\n\n\n\n<p><strong>Nyhedsbrev 24. april 2025<\/strong><br>Vi har udsendt nyhedsbrev den 24. april, hvor vi bl.a. minder om vores generalforsamling den 1. maj &#8211; og pr\u00e6senterer vores opl\u00e6g til diskussion omkring det fremtidige arbejde i Brancher\u00e5det. Derudover skriver vi om situationen omkring Dansekapellet og K\u00f8benhavns Kommune &#8211; og opfordrer til at alle skriver et h\u00f8ringssvar til kommunen. <br><a href=\"https:\/\/mailchi.mp\/47e311066be0\/nyhedsbrev-24-oktober-10142261\" target=\"_blank\" rel=\"noreferrer noopener\">L\u00e6s nyhedsbrevet her<\/a><br>Hvis du ikke f\u00e5r nyhedsbreve fra os, s\u00e5 klik p\u00e5 linket \u00f8verst og tilmeld dig.<\/p>\n\n\n\n<hr class=\"wp-block-separator has-alpha-channel-opacity is-style-wide\"\/>\n\n\n\n<p><strong>Nyhedsbrev 26. februar 2025<\/strong><br>Vi har udsendt nyhedsbrev den 26. februar, hvor vi bl.a. skriver om kommende generalforsamling 1. maj samt om enmer, der optager os &#8211; herunder om brev, vi har sendt til K\u00f8benhavns Kommune om situationen p\u00e5 Dansekapellet.<br><a href=\"https:\/\/mailchi.mp\/c9f11063f4e4\/nyhedsbrev-24-oktober-10141437\" target=\"_blank\" rel=\"noreferrer noopener\">L\u00e6s nyhedsbrevet her<\/a><br>Hvis du ikke f\u00e5r nyhedsbreve fra os, s\u00e5 klik p\u00e5 linket \u00f8verst og tilmeld dig.<\/p>\n\n\n\n<hr class=\"wp-block-separator has-alpha-channel-opacity is-style-wide\"\/>\n\n\n\n<p><strong>Brev til K\u00f8benhavns Kommune<\/strong><br>Vi har sendt brev den 3. februar 2025 til K\u00f8benhavns Kommune omkring situationen p\u00e5 Dansekapellet og spurgt, hvad kommunen \u00f8nsker at g\u00f8re efter at Cher Geurtze er stoppet som leder i december 2024. Vi modtog svar fra dem den 24. februar 2025.&nbsp;<br>Det er afg\u00f8rende for os, at hendes vision\u00e6re arbejde bliver videref\u00f8rt af en ny leder. <br><a href=\"http:\/\/scenedans.dk\/index.php\/brev-til-koebenhavns-kommune-3-februar-2025\/\">L\u00e6s brevene her.<\/a><\/p>\n\n\n\n<hr class=\"wp-block-separator has-alpha-channel-opacity is-style-wide\"\/>\n\n\n\n<figure class=\"wp-block-image size-full\"><img loading=\"lazy\" decoding=\"async\" width=\"265\" height=\"265\" src=\"http:\/\/scenedans.dk\/wp-content\/uploads\/2025\/02\/Thomas-Eisenhardt-1.jpeg\" alt=\"\" class=\"wp-image-754\" srcset=\"http:\/\/scenedans.dk\/wp-content\/uploads\/2025\/02\/Thomas-Eisenhardt-1.jpeg 265w, http:\/\/scenedans.dk\/wp-content\/uploads\/2025\/02\/Thomas-Eisenhardt-1-150x150.jpeg 150w, http:\/\/scenedans.dk\/wp-content\/uploads\/2025\/02\/Thomas-Eisenhardt-1-100x100.jpeg 100w\" sizes=\"auto, (max-width: 265px) 100vw, 265px\" \/><\/figure>\n\n\n\n<p><strong>Thomas Eisenhardt udpeget af Brancher\u00e5det til at sidde i Statens Kunstfonds Repr\u00e6sentantskab<\/strong><br>Brancher\u00e5det har udpegningsret til bl.a. Statens Kunstfonds Repr\u00e6sentantskab. Vi har i Brancher\u00e5det indstillet koreograf og kunstnerisk leder hos \u00c5ben Dans Thomas Eisenhardt til at sidde i Repr\u00e6sentantskabet i perioden 2025 \u2013 28.&nbsp;<br><a href=\"https:\/\/www.kunst.dk\/her-er-statens-kunstfonds-nye-repraesentantskab\" target=\"_blank\" rel=\"noreferrer noopener\">L\u00e6s mere om Repr\u00e6sentantskabet her.<\/a><\/p>\n\n\n\n<hr class=\"wp-block-separator has-alpha-channel-opacity is-style-wide\"\/>\n\n\n\n<figure class=\"wp-block-image size-large\"><img loading=\"lazy\" decoding=\"async\" width=\"1024\" height=\"513\" src=\"http:\/\/scenedans.dk\/wp-content\/uploads\/2022\/11\/Skaermbillede-2022-11-14-kl.-14.48.57-1024x513.png\" alt=\"\" class=\"wp-image-458\" srcset=\"http:\/\/scenedans.dk\/wp-content\/uploads\/2022\/11\/Skaermbillede-2022-11-14-kl.-14.48.57-1024x513.png 1024w, http:\/\/scenedans.dk\/wp-content\/uploads\/2022\/11\/Skaermbillede-2022-11-14-kl.-14.48.57-300x150.png 300w, http:\/\/scenedans.dk\/wp-content\/uploads\/2022\/11\/Skaermbillede-2022-11-14-kl.-14.48.57-768x385.png 768w, http:\/\/scenedans.dk\/wp-content\/uploads\/2022\/11\/Skaermbillede-2022-11-14-kl.-14.48.57.png 1334w\" sizes=\"auto, (max-width: 1024px) 100vw, 1024px\" \/><\/figure>\n\n\n\n<p><strong>Besparelser i Aarhus Kommune<\/strong><br>Aarhus Kommune vedtog 12. oktober 2022 budgettet for 2023-26 med en beslutning om, at der skal spares i de enkelte afdelinger. Der er udsendt et sparekatalog, hvor de \u00f8nsker at spare 14,3 mio. kr. p\u00e5 omr\u00e5det for Kultur og Borgerservice. Dette forslag er sendt i h\u00f8ring til den 24. november, hvor der er frist for at fremsende h\u00f8ringssvar.<\/p>\n\n\n\n<p>Et af forslagene g\u00e5r p\u00e5 at flytte Bora Bora ned til Godsbanen. Lokalerne p\u00e5 Godsbanen er uegnede til at producere og pr\u00e6sentere dans i, og derved er landets eneste fungerende scene for dans reelt ude af stand til at levere de forestillinger, som har begejstret husets g\u00e6ster de sidste 30 \u00e5r.&nbsp;<\/p>\n\n\n\n<p>I Brancher\u00e5det for Scenedans opfordrer vi alle til at indsende et h\u00f8ringssvar mod denne flytning til uegnede lokaler, som hverken er brede eller dybe nok til dans, og Brancher\u00e5det vil ogs\u00e5 selv indsende et h\u00f8ringssvar. Det er vigtigt, at man ikke bare kopiere andres h\u00f8ringssvar, men reelt skriver et selv for at vise en st\u00f8rre samlet modstand mod flytningen.&nbsp;<\/p>\n\n\n\n<p><a href=\"http:\/\/scenedans.dk\/index.php\/nyheder\/hoeringssvar-til-aarhus-kommune\/\">Her er link til Brancher\u00e5dets h\u00f8ringssvar, som blev afsendt 20. november 2022<\/a><\/p>\n\n\n\n<p><a href=\"https:\/\/deltag.aarhus.dk\/hoering\/sparekatalog-kultur-og-borgerservice?fbclid=IwAR2LHuMRilo-WiVoZre3YkGhgSzPMP6q9vbL8h8sYWxmUeSbxOk7xjp2rH4\" target=\"_blank\" rel=\"noreferrer noopener\">Her er link til siden, hvor sparekataloget er samt link til indsendelse af h\u00f8ringssvaret. Der er ogs\u00e5 oversigt og alle h\u00f8ringssvar, der indtil nu er indkommet (1.174 pr. dags dato).<\/a><\/p>\n\n\n\n<p><a href=\"https:\/\/iscene.dk\/2022\/11\/04\/bora-bora-flytning-til-godsbanen-er-umulig-eller-uhoert-dyr\/?fbclid=IwAR18msCO2oKvquxro9tfVQzC2oHRSyFV7Ey7UbnOoSDM0gAIg6ykovV3cbA\" target=\"_blank\" rel=\"noreferrer noopener\">Her er link til artikel i Iscene, hvor teaterleder Lotte Kofod Ludvigsen bliver interviewet.&nbsp;<\/a><\/p>\n\n\n\n<hr class=\"wp-block-separator has-alpha-channel-opacity is-style-wide\"\/>\n","protected":false},"excerpt":{"rendered":"<p>Nyhedsbrev 24. april 2026Velkommen til Brancher\u00e5dets nyhedsbrev i april 2026. Her skriver vi om den kommende generalforsamling 18. maj 2026 [&hellip;]<\/p>\n","protected":false},"author":1,"featured_media":0,"parent":0,"menu_order":0,"comment_status":"closed","ping_status":"closed","template":"","meta":{"site-sidebar-layout":"default","site-content-layout":"","ast-site-content-layout":"","site-content-style":"default","site-sidebar-style":"default","ast-global-header-display":"","ast-banner-title-visibility":"","ast-main-header-display":"","ast-hfb-above-header-display":"","ast-hfb-below-header-display":"","ast-hfb-mobile-header-display":"","site-post-title":"","ast-breadcrumbs-content":"","ast-featured-img":"","footer-sml-layout":"","theme-transparent-header-meta":"","adv-header-id-meta":"","stick-header-meta":"","header-above-stick-meta":"","header-main-stick-meta":"","header-below-stick-meta":"","astra-migrate-meta-layouts":"default","ast-page-background-enabled":"default","ast-page-background-meta":{"desktop":{"background-color":"var(--ast-global-color-5)","background-image":"","background-repeat":"repeat","background-position":"center center","background-size":"auto","background-attachment":"scroll","background-type":"","background-media":"","overlay-type":"","overlay-color":"","overlay-opacity":"","overlay-gradient":""},"tablet":{"background-color":"","background-image":"","background-repeat":"repeat","background-position":"center center","background-size":"auto","background-attachment":"scroll","background-type":"","background-media":"","overlay-type":"","overlay-color":"","overlay-opacity":"","overlay-gradient":""},"mobile":{"background-color":"","background-image":"","background-repeat":"repeat","background-position":"center center","background-size":"auto","background-attachment":"scroll","background-type":"","background-media":"","overlay-type":"","overlay-color":"","overlay-opacity":"","overlay-gradient":""}},"ast-content-background-meta":{"desktop":{"background-color":"var(--ast-global-color-4)","background-image":"","background-repeat":"repeat","background-position":"center center","background-size":"auto","background-attachment":"scroll","background-type":"","background-media":"","overlay-type":"","overlay-color":"","overlay-opacity":"","overlay-gradient":""},"tablet":{"background-color":"var(--ast-global-color-4)","background-image":"","background-repeat":"repeat","background-position":"center center","background-size":"auto","background-attachment":"scroll","background-type":"","background-media":"","overlay-type":"","overlay-color":"","overlay-opacity":"","overlay-gradient":""},"mobile":{"background-color":"var(--ast-global-color-4)","background-image":"","background-repeat":"repeat","background-position":"center center","background-size":"auto","background-attachment":"scroll","background-type":"","background-media":"","overlay-type":"","overlay-color":"","overlay-opacity":"","overlay-gradient":""}},"footnotes":""},"class_list":["post-71","page","type-page","status-publish","hentry"],"_links":{"self":[{"href":"http:\/\/scenedans.dk\/index.php\/wp-json\/wp\/v2\/pages\/71","targetHints":{"allow":["GET"]}}],"collection":[{"href":"http:\/\/scenedans.dk\/index.php\/wp-json\/wp\/v2\/pages"}],"about":[{"href":"http:\/\/scenedans.dk\/index.php\/wp-json\/wp\/v2\/types\/page"}],"author":[{"embeddable":true,"href":"http:\/\/scenedans.dk\/index.php\/wp-json\/wp\/v2\/users\/1"}],"replies":[{"embeddable":true,"href":"http:\/\/scenedans.dk\/index.php\/wp-json\/wp\/v2\/comments?post=71"}],"version-history":[{"count":106,"href":"http:\/\/scenedans.dk\/index.php\/wp-json\/wp\/v2\/pages\/71\/revisions"}],"predecessor-version":[{"id":1069,"href":"http:\/\/scenedans.dk\/index.php\/wp-json\/wp\/v2\/pages\/71\/revisions\/1069"}],"wp:attachment":[{"href":"http:\/\/scenedans.dk\/index.php\/wp-json\/wp\/v2\/media?parent=71"}],"curies":[{"name":"wp","href":"https:\/\/api.w.org\/{rel}","templated":true}]}}