{"id":815,"date":"2025-04-24T06:54:22","date_gmt":"2025-04-24T06:54:22","guid":{"rendered":"http:\/\/scenedans.dk\/?page_id=815"},"modified":"2025-04-24T08:18:34","modified_gmt":"2025-04-24T08:18:34","slug":"gf-2025-oplaeg-til-diskussion","status":"publish","type":"page","link":"http:\/\/scenedans.dk\/index.php\/arrangementer\/generalforsamling-1-maj-2025-kl-17-20\/gf-2025-oplaeg-til-diskussion\/","title":{"rendered":"GF 2025 &#8211; opl\u00e6g til diskussion"},"content":{"rendered":"\n<p><strong>Opl\u00e6g til diskussion p\u00e5 Brancher\u00e5dets generalforsamling 1. maj 2025<\/strong><\/p>\n\n\n\n<p>Brancher\u00e5det for Scenedans arbejdede i 2021 med en vision samt en trepunktsplan for de kommende \u00e5r. Fokus var bl.a. at arbejde for vedvarende og udvikling af st\u00f8ttestrukturer, st\u00f8rre repr\u00e6sentation af dans nationalt samt styrke relationen til andre brancheorganisationer.&nbsp;&nbsp;<\/p>\n\n\n\n<p>Vi har i bestyrelsen talt om, at vi skal v\u00e6re mere synlige i forhold til at have fokus p\u00e5 dans og generelt for den bev\u00e6gelsesb\u00e5rne scenekunst i Danmark. Vi har netop udpeget Thomas Eisenhardt til at sidde i Statens Kunstfonds repr\u00e6sentantskab, som sammen med andre inden for scenekunstomr\u00e5det udpeger 3 medlemmer til Projektst\u00f8tteudvalget for Scenekunst &#8211; og om 2 \u00e5r 2 medlemmer til Legatudvalget.&nbsp;<\/p>\n\n\n\n<p>For os er det vigtigt at dansens stemme er repr\u00e6senteret d\u00e9r &#8211; og ved at v\u00e6re medlem af Brancher\u00e5det kan vi v\u00e6re med til at samle stemmerne.&nbsp;<\/p>\n\n\n\n<p>MEN, hvad er det ellers vi skal og kan g\u00f8re for den branche, der arbejder med dans, koreografi, nycirkus og andet bev\u00e6gelsesb\u00e5ret scenekunst? Hvordan definerer vi vores omr\u00e5de &#8211; og hvad h\u00f8rer ind under begrebet scenedans?<\/p>\n\n\n\n<p>I bestyrelsen er vi p\u00e5 nuv\u00e6rende tidspunkt 8 personer, der kommer med forskellige erfaringer fra forskellige dele af scenekunsten &#8211; b\u00e5de i Danmark og fra udlandet. Det g\u00f8r jo, at vi har forskellige blikke og ogs\u00e5 forskellige indgangsvinkler og interesser, hvilket kun g\u00f8r arbejdet og diskussionerne mere interessante og udviklende.<\/p>\n\n\n\n<p>I Brancher\u00e5det \u00f8nsker vi at have et n\u00e6rt samarbejde med de andre akt\u00f8rer, der ogs\u00e5 arbejder med dans og scenekunst &#8211; is\u00e6r inden for det frie felt. Det er bl.a. Uafh\u00e6ngige Scenekunstnere, Dansehallerne, Dansekapellet, Dansk Danseteater, Dansk Scenekunst, Fors\u00f8gsstationen, AFUK, Bora Bora, Udviklingsplatformen og Performing Arts Platform.<\/p>\n\n\n\n<p>Vi hedder p\u00e5 dansk Brancher\u00e5det for Scenedans &#8211; men hvad skal vores navn v\u00e6re p\u00e5 engelsk, s\u00e5 alle forst\u00e5r hvad vi st\u00e5r for?<\/p>\n\n\n\n<p>Vi \u00f8nsker at v\u00e6re en ansvarsbevidst stemme, dialogpartner og brobygger i branchen over for det omkringliggende kulturpolitiske milj\u00f8 &#8211; og vil gerne invitere ind til diskussion om det videre arbejde i Brancher\u00e5det p\u00e5 vores generalforsamling den 1. maj 2025 kl. 17.00 p\u00e5 Fors\u00f8gsstationen i K\u00f8benhavn. Det er muligt at f\u00f8lge diskussionen (men ikke deltage) via zoom. Link p\u00e5<a href=\"http:\/\/scenedans.dk\"> www.scenedans.dk<\/a><\/p>\n","protected":false},"excerpt":{"rendered":"<p>Opl\u00e6g til diskussion p\u00e5 Brancher\u00e5dets generalforsamling 1. maj 2025 Brancher\u00e5det for Scenedans arbejdede i 2021 med en vision samt en [&hellip;]<\/p>\n","protected":false},"author":1,"featured_media":0,"parent":722,"menu_order":0,"comment_status":"closed","ping_status":"closed","template":"","meta":{"site-sidebar-layout":"default","site-content-layout":"","ast-site-content-layout":"","site-content-style":"default","site-sidebar-style":"default","ast-global-header-display":"","ast-banner-title-visibility":"","ast-main-header-display":"","ast-hfb-above-header-display":"","ast-hfb-below-header-display":"","ast-hfb-mobile-header-display":"","site-post-title":"","ast-breadcrumbs-content":"","ast-featured-img":"","footer-sml-layout":"","theme-transparent-header-meta":"","adv-header-id-meta":"","stick-header-meta":"","header-above-stick-meta":"","header-main-stick-meta":"","header-below-stick-meta":"","astra-migrate-meta-layouts":"default","ast-page-background-enabled":"default","ast-page-background-meta":{"desktop":{"background-color":"var(--ast-global-color-5)","background-image":"","background-repeat":"repeat","background-position":"center center","background-size":"auto","background-attachment":"scroll","background-type":"","background-media":"","overlay-type":"","overlay-color":"","overlay-opacity":"","overlay-gradient":""},"tablet":{"background-color":"","background-image":"","background-repeat":"repeat","background-position":"center center","background-size":"auto","background-attachment":"scroll","background-type":"","background-media":"","overlay-type":"","overlay-color":"","overlay-opacity":"","overlay-gradient":""},"mobile":{"background-color":"","background-image":"","background-repeat":"repeat","background-position":"center center","background-size":"auto","background-attachment":"scroll","background-type":"","background-media":"","overlay-type":"","overlay-color":"","overlay-opacity":"","overlay-gradient":""}},"ast-content-background-meta":{"desktop":{"background-color":"var(--ast-global-color-4)","background-image":"","background-repeat":"repeat","background-position":"center center","background-size":"auto","background-attachment":"scroll","background-type":"","background-media":"","overlay-type":"","overlay-color":"","overlay-opacity":"","overlay-gradient":""},"tablet":{"background-color":"var(--ast-global-color-4)","background-image":"","background-repeat":"repeat","background-position":"center center","background-size":"auto","background-attachment":"scroll","background-type":"","background-media":"","overlay-type":"","overlay-color":"","overlay-opacity":"","overlay-gradient":""},"mobile":{"background-color":"var(--ast-global-color-4)","background-image":"","background-repeat":"repeat","background-position":"center center","background-size":"auto","background-attachment":"scroll","background-type":"","background-media":"","overlay-type":"","overlay-color":"","overlay-opacity":"","overlay-gradient":""}},"footnotes":""},"class_list":["post-815","page","type-page","status-publish","hentry"],"_links":{"self":[{"href":"http:\/\/scenedans.dk\/index.php\/wp-json\/wp\/v2\/pages\/815","targetHints":{"allow":["GET"]}}],"collection":[{"href":"http:\/\/scenedans.dk\/index.php\/wp-json\/wp\/v2\/pages"}],"about":[{"href":"http:\/\/scenedans.dk\/index.php\/wp-json\/wp\/v2\/types\/page"}],"author":[{"embeddable":true,"href":"http:\/\/scenedans.dk\/index.php\/wp-json\/wp\/v2\/users\/1"}],"replies":[{"embeddable":true,"href":"http:\/\/scenedans.dk\/index.php\/wp-json\/wp\/v2\/comments?post=815"}],"version-history":[{"count":2,"href":"http:\/\/scenedans.dk\/index.php\/wp-json\/wp\/v2\/pages\/815\/revisions"}],"predecessor-version":[{"id":861,"href":"http:\/\/scenedans.dk\/index.php\/wp-json\/wp\/v2\/pages\/815\/revisions\/861"}],"up":[{"embeddable":true,"href":"http:\/\/scenedans.dk\/index.php\/wp-json\/wp\/v2\/pages\/722"}],"wp:attachment":[{"href":"http:\/\/scenedans.dk\/index.php\/wp-json\/wp\/v2\/media?parent=815"}],"curies":[{"name":"wp","href":"https:\/\/api.w.org\/{rel}","templated":true}]}}